{"id":11,"date":"2023-05-16T14:33:17","date_gmt":"2023-05-16T14:33:17","guid":{"rendered":"https:\/\/rmtade.pt\/?page_id=11"},"modified":"2023-05-22T11:25:31","modified_gmt":"2023-05-22T11:25:31","slug":"politica-de-privacidade","status":"publish","type":"page","link":"https:\/\/ferrodrigues.pt\/en\/politica-de-privacidade\/","title":{"rendered":"Privacy Policy"},"content":{"rendered":"<div data-elementor-type=\"wp-page\" data-elementor-id=\"11\" class=\"elementor elementor-11\">\n\t\t\t\t\t\t<section class=\"elementor-section elementor-top-section elementor-element elementor-element-64be1971 elementor-section-boxed elementor-section-height-default elementor-section-height-default\" data-id=\"64be1971\" data-element_type=\"section\" data-e-type=\"section\">\n\t\t\t\t\t\t<div class=\"elementor-container elementor-column-gap-default\">\n\t\t\t\t\t<div class=\"elementor-column elementor-col-100 elementor-top-column elementor-element elementor-element-68b423d3\" data-id=\"68b423d3\" data-element_type=\"column\" data-e-type=\"column\">\n\t\t\t<div class=\"elementor-widget-wrap elementor-element-populated\">\n\t\t\t\t\t\t<div class=\"elementor-element elementor-element-21186472 elementor-widget elementor-widget-text-editor\" data-id=\"21186472\" data-element_type=\"widget\" data-e-type=\"widget\" data-widget_type=\"text-editor.default\">\n\t\t\t\t<div class=\"elementor-widget-container\">\n\t\t\t\t\t\t\t\t\t\n<p>Todas as suas informa\u00e7\u00f5es pessoais recolhidas, ser\u00e3o usadas para o ajudar a tornar a sua visita no nosso site a mais produtiva e agrad\u00e1vel poss\u00edvel.<\/p>\n<p>A garantia da confidencialidade dos dados pessoais dos utilizadores do nosso site \u00e9 importante para a FerRodrigues.<\/p>\n<p>Todas as informa\u00e7\u00f5es pessoais relativas a membros, assinantes, clientes ou visitantes que usem a FerRodrigues\u00a0ser\u00e3o tratadas em concord\u00e2ncia com o Regulamento Geral sobre a Prote\u00e7\u00e3o de Dados Pessoais \u2013 Regulamento n.\u00ba 2016\/679 do Parlamento Europeu e do Conselho, de 27 de abril de 2016.<\/p>\n<p>A informa\u00e7\u00e3o pessoal recolhida pode incluir o seu nome, e-mail, n\u00famero de telefone e\/ou telem\u00f3vel, morada, data de nascimento e\/ou outros.<\/p>\n<p>Ao usar o site FerRodrigues\u00a0pressup\u00f5e a aceita\u00e7\u00e3o deste acordo de privacidade. A equipa da\u00a0FerRodrigues reserva-se ao direito de alterar este acordo sem aviso pr\u00e9vio. Recomendamos que consulte a nossa pol\u00edtica de privacidade com regularidade.<\/p>\n<p>\u00a0<\/p>\n<h4 class=\"wp-block-heading\"><strong>1. Os Cookies e Web Beacons<\/strong><\/h4>\n<p>Utilizamos cookies para armazenar informa\u00e7\u00e3o, tais como as suas prefer\u00eancias pessoas quando visita o nosso website. Isto poder\u00e1 incluir um simples popup, ou uma liga\u00e7\u00e3o em v\u00e1rios servi\u00e7os que providenciamos, tais como f\u00f3runs.<\/p>\n<p>Voc\u00ea det\u00e9m o poder de desligar os seus cookies, nas op\u00e7\u00f5es do seu browser, ou efetuando altera\u00e7\u00f5es nas ferramentas de programas Anti-Virus, como o Norton Internet Security. No entanto, isso poder\u00e1 alterar a forma como interage com o nosso website, ou outros websites. Isso poder\u00e1 afetar ou n\u00e3o permitir que fa\u00e7a logins em programas, sites ou f\u00f3runs da nossa e de outras redes.<\/p>\n<p>\u00a0<\/p>\n<h4><strong>2. Liga\u00e7\u00f5es a Sites de terceiros<\/strong><\/h4>\n<p>A FerRodrigues\u00a0possui liga\u00e7\u00f5es para outros sites, os quais, a nosso ver, podem conter informa\u00e7\u00f5es \/ ferramentas \u00fateis para os nossos visitantes. A nossa pol\u00edtica de privacidade n\u00e3o \u00e9 aplicada a sites de terceiros, pelo que, caso visite outro site a partir do nosso dever\u00e1 ler a pol\u00edtica de privacidade do mesmo.<\/p>\n<p>N\u00e3o nos responsabilizamos pela pol\u00edtica de privacidade ou conte\u00fado presente nesses mesmos sites.<\/p>\n\t\t\t\t\t\t\t\t<\/div>\n\t\t\t\t<\/div>\n\t\t\t\t\t<\/div>\n\t\t<\/div>\n\t\t\t\t\t<\/div>\n\t\t<\/section>\n\t\t\t\t<\/div>","protected":false},"excerpt":{"rendered":"<p>Todas as suas informa\u00e7\u00f5es pessoais recolhidas, ser\u00e3o usadas para o ajudar a tornar a sua visita no nosso site a mais produtiva e agrad\u00e1vel poss\u00edvel. A garantia da confidencialidade dos dados pessoais dos utilizadores do nosso site \u00e9 importante para a FerRodrigues. Todas as informa\u00e7\u00f5es pessoais relativas a membros, assinantes, clientes ou visitantes que usem [&hellip;]<\/p>\n","protected":false},"author":1,"featured_media":0,"parent":0,"menu_order":0,"comment_status":"closed","ping_status":"closed","template":"elementor_header_footer","meta":{"footnotes":""},"class_list":["post-11","page","type-page","status-publish","hentry"],"yoast_head":"<!-- This site is optimized with the Yoast SEO plugin v27.4 - https:\/\/yoast.com\/product\/yoast-seo-wordpress\/ -->\n<title>Pol\u00edtica de privacidade - FerRodrigues<\/title>\n<meta name=\"robots\" content=\"index, follow, max-snippet:-1, max-image-preview:large, max-video-preview:-1\" \/>\n<link rel=\"canonical\" href=\"https:\/\/ferrodrigues.pt\/en\/politica-de-privacidade\/\" \/>\n<meta property=\"og:locale\" content=\"en_US\" \/>\n<meta property=\"og:type\" content=\"article\" \/>\n<meta property=\"og:title\" content=\"Pol\u00edtica de privacidade - FerRodrigues\" \/>\n<meta property=\"og:description\" content=\"Todas as suas informa\u00e7\u00f5es pessoais recolhidas, ser\u00e3o usadas para o ajudar a tornar a sua visita no nosso site a mais produtiva e agrad\u00e1vel poss\u00edvel. A garantia da confidencialidade dos dados pessoais dos utilizadores do nosso site \u00e9 importante para a FerRodrigues. Todas as informa\u00e7\u00f5es pessoais relativas a membros, assinantes, clientes ou visitantes que usem [&hellip;]\" \/>\n<meta property=\"og:url\" content=\"https:\/\/ferrodrigues.pt\/en\/politica-de-privacidade\/\" \/>\n<meta property=\"og:site_name\" content=\"FerRodrigues\" \/>\n<meta property=\"article:publisher\" content=\"https:\/\/www.facebook.com\/ferrodrigues.pt\" \/>\n<meta property=\"article:modified_time\" content=\"2023-05-22T11:25:31+00:00\" \/>\n<meta name=\"twitter:card\" content=\"summary_large_image\" \/>\n<meta name=\"twitter:label1\" content=\"Est. reading time\" \/>\n\t<meta name=\"twitter:data1\" content=\"2 minutes\" \/>\n<script type=\"application\/ld+json\" class=\"yoast-schema-graph\">{\"@context\":\"https:\\\/\\\/schema.org\",\"@graph\":[{\"@type\":\"WebPage\",\"@id\":\"https:\\\/\\\/ferrodrigues.pt\\\/politica-de-privacidade\\\/\",\"url\":\"https:\\\/\\\/ferrodrigues.pt\\\/politica-de-privacidade\\\/\",\"name\":\"Pol\u00edtica de privacidade - FerRodrigues\",\"isPartOf\":{\"@id\":\"https:\\\/\\\/ferrodrigues.pt\\\/#website\"},\"datePublished\":\"2023-05-16T14:33:17+00:00\",\"dateModified\":\"2023-05-22T11:25:31+00:00\",\"breadcrumb\":{\"@id\":\"https:\\\/\\\/ferrodrigues.pt\\\/politica-de-privacidade\\\/#breadcrumb\"},\"inLanguage\":\"en-US\",\"potentialAction\":[{\"@type\":\"ReadAction\",\"target\":[\"https:\\\/\\\/ferrodrigues.pt\\\/politica-de-privacidade\\\/\"]}]},{\"@type\":\"BreadcrumbList\",\"@id\":\"https:\\\/\\\/ferrodrigues.pt\\\/politica-de-privacidade\\\/#breadcrumb\",\"itemListElement\":[{\"@type\":\"ListItem\",\"position\":1,\"name\":\"In\u00edcio\",\"item\":\"https:\\\/\\\/ferrodrigues.pt\\\/\"},{\"@type\":\"ListItem\",\"position\":2,\"name\":\"Pol\u00edtica de privacidade\"}]},{\"@type\":\"WebSite\",\"@id\":\"https:\\\/\\\/ferrodrigues.pt\\\/#website\",\"url\":\"https:\\\/\\\/ferrodrigues.pt\\\/\",\"name\":\"FerRodrigues\",\"description\":\"\",\"publisher\":{\"@id\":\"https:\\\/\\\/ferrodrigues.pt\\\/#organization\"},\"potentialAction\":[{\"@type\":\"SearchAction\",\"target\":{\"@type\":\"EntryPoint\",\"urlTemplate\":\"https:\\\/\\\/ferrodrigues.pt\\\/?s={search_term_string}\"},\"query-input\":{\"@type\":\"PropertyValueSpecification\",\"valueRequired\":true,\"valueName\":\"search_term_string\"}}],\"inLanguage\":\"en-US\"},{\"@type\":\"Organization\",\"@id\":\"https:\\\/\\\/ferrodrigues.pt\\\/#organization\",\"name\":\"FerRodrigues\",\"url\":\"https:\\\/\\\/ferrodrigues.pt\\\/\",\"logo\":{\"@type\":\"ImageObject\",\"inLanguage\":\"en-US\",\"@id\":\"https:\\\/\\\/ferrodrigues.pt\\\/#\\\/schema\\\/logo\\\/image\\\/\",\"url\":\"https:\\\/\\\/ferrodrigues.pt\\\/wp-content\\\/uploads\\\/2023\\\/05\\\/cropped-logo-e1684746605703.png\",\"contentUrl\":\"https:\\\/\\\/ferrodrigues.pt\\\/wp-content\\\/uploads\\\/2023\\\/05\\\/cropped-logo-e1684746605703.png\",\"width\":545,\"height\":137,\"caption\":\"FerRodrigues\"},\"image\":{\"@id\":\"https:\\\/\\\/ferrodrigues.pt\\\/#\\\/schema\\\/logo\\\/image\\\/\"},\"sameAs\":[\"https:\\\/\\\/www.facebook.com\\\/ferrodrigues.pt\"]}]}<\/script>\n<!-- \/ Yoast SEO plugin. -->","yoast_head_json":{"title":"Pol\u00edtica de privacidade - FerRodrigues","robots":{"index":"index","follow":"follow","max-snippet":"max-snippet:-1","max-image-preview":"max-image-preview:large","max-video-preview":"max-video-preview:-1"},"canonical":"https:\/\/ferrodrigues.pt\/en\/politica-de-privacidade\/","og_locale":"en_US","og_type":"article","og_title":"Pol\u00edtica de privacidade - FerRodrigues","og_description":"Todas as suas informa\u00e7\u00f5es pessoais recolhidas, ser\u00e3o usadas para o ajudar a tornar a sua visita no nosso site a mais produtiva e agrad\u00e1vel poss\u00edvel. A garantia da confidencialidade dos dados pessoais dos utilizadores do nosso site \u00e9 importante para a FerRodrigues. Todas as informa\u00e7\u00f5es pessoais relativas a membros, assinantes, clientes ou visitantes que usem [&hellip;]","og_url":"https:\/\/ferrodrigues.pt\/en\/politica-de-privacidade\/","og_site_name":"FerRodrigues","article_publisher":"https:\/\/www.facebook.com\/ferrodrigues.pt","article_modified_time":"2023-05-22T11:25:31+00:00","twitter_card":"summary_large_image","twitter_misc":{"Est. reading time":"2 minutes"},"schema":{"@context":"https:\/\/schema.org","@graph":[{"@type":"WebPage","@id":"https:\/\/ferrodrigues.pt\/politica-de-privacidade\/","url":"https:\/\/ferrodrigues.pt\/politica-de-privacidade\/","name":"Pol\u00edtica de privacidade - FerRodrigues","isPartOf":{"@id":"https:\/\/ferrodrigues.pt\/#website"},"datePublished":"2023-05-16T14:33:17+00:00","dateModified":"2023-05-22T11:25:31+00:00","breadcrumb":{"@id":"https:\/\/ferrodrigues.pt\/politica-de-privacidade\/#breadcrumb"},"inLanguage":"en-US","potentialAction":[{"@type":"ReadAction","target":["https:\/\/ferrodrigues.pt\/politica-de-privacidade\/"]}]},{"@type":"BreadcrumbList","@id":"https:\/\/ferrodrigues.pt\/politica-de-privacidade\/#breadcrumb","itemListElement":[{"@type":"ListItem","position":1,"name":"In\u00edcio","item":"https:\/\/ferrodrigues.pt\/"},{"@type":"ListItem","position":2,"name":"Pol\u00edtica de privacidade"}]},{"@type":"WebSite","@id":"https:\/\/ferrodrigues.pt\/#website","url":"https:\/\/ferrodrigues.pt\/","name":"FerRodrigues","description":"","publisher":{"@id":"https:\/\/ferrodrigues.pt\/#organization"},"potentialAction":[{"@type":"SearchAction","target":{"@type":"EntryPoint","urlTemplate":"https:\/\/ferrodrigues.pt\/?s={search_term_string}"},"query-input":{"@type":"PropertyValueSpecification","valueRequired":true,"valueName":"search_term_string"}}],"inLanguage":"en-US"},{"@type":"Organization","@id":"https:\/\/ferrodrigues.pt\/#organization","name":"FerRodrigues","url":"https:\/\/ferrodrigues.pt\/","logo":{"@type":"ImageObject","inLanguage":"en-US","@id":"https:\/\/ferrodrigues.pt\/#\/schema\/logo\/image\/","url":"https:\/\/ferrodrigues.pt\/wp-content\/uploads\/2023\/05\/cropped-logo-e1684746605703.png","contentUrl":"https:\/\/ferrodrigues.pt\/wp-content\/uploads\/2023\/05\/cropped-logo-e1684746605703.png","width":545,"height":137,"caption":"FerRodrigues"},"image":{"@id":"https:\/\/ferrodrigues.pt\/#\/schema\/logo\/image\/"},"sameAs":["https:\/\/www.facebook.com\/ferrodrigues.pt"]}]}},"_links":{"self":[{"href":"https:\/\/ferrodrigues.pt\/en\/wp-json\/wp\/v2\/pages\/11","targetHints":{"allow":["GET"]}}],"collection":[{"href":"https:\/\/ferrodrigues.pt\/en\/wp-json\/wp\/v2\/pages"}],"about":[{"href":"https:\/\/ferrodrigues.pt\/en\/wp-json\/wp\/v2\/types\/page"}],"author":[{"embeddable":true,"href":"https:\/\/ferrodrigues.pt\/en\/wp-json\/wp\/v2\/users\/1"}],"replies":[{"embeddable":true,"href":"https:\/\/ferrodrigues.pt\/en\/wp-json\/wp\/v2\/comments?post=11"}],"version-history":[{"count":7,"href":"https:\/\/ferrodrigues.pt\/en\/wp-json\/wp\/v2\/pages\/11\/revisions"}],"predecessor-version":[{"id":116,"href":"https:\/\/ferrodrigues.pt\/en\/wp-json\/wp\/v2\/pages\/11\/revisions\/116"}],"wp:attachment":[{"href":"https:\/\/ferrodrigues.pt\/en\/wp-json\/wp\/v2\/media?parent=11"}],"curies":[{"name":"wp","href":"https:\/\/api.w.org\/{rel}","templated":true}]}}